{"id":4917,"date":"2024-07-08T22:25:35","date_gmt":"2024-07-08T22:25:35","guid":{"rendered":"https:\/\/espanolcongloria.com\/?page_id=4917"},"modified":"2024-11-22T07:34:06","modified_gmt":"2024-11-22T07:34:06","slug":"topics","status":"publish","type":"page","link":"https:\/\/espanolcongloria.com\/es\/topics","title":{"rendered":"Temarios"},"content":{"rendered":"<p>[et_pb_section fb_built=&#8221;1&#8243; admin_label=&#8221;section&#8221; _builder_version=&#8221;4.16&#8243; global_colors_info=&#8221;{}&#8221;][et_pb_row admin_label=&#8221;row&#8221; _builder_version=&#8221;4.16&#8243; background_size=&#8221;initial&#8221; background_position=&#8221;top_left&#8221; background_repeat=&#8221;repeat&#8221; global_colors_info=&#8221;{}&#8221;][et_pb_column type=&#8221;4_4&#8243; _builder_version=&#8221;4.16&#8243; custom_padding=&#8221;|||&#8221; global_colors_info=&#8221;{}&#8221; custom_padding__hover=&#8221;|||&#8221;][et_pb_heading title=&#8221;Topics&#8221; _builder_version=&#8221;4.26.0&#8243; _module_preset=&#8221;default&#8221; title_text_align=&#8221;center&#8221; global_colors_info=&#8221;{}&#8221;][\/et_pb_heading][\/et_pb_column][\/et_pb_row][et_pb_row column_structure=&#8221;1_2,1_2&#8243; _builder_version=&#8221;4.26.0&#8243; _module_preset=&#8221;default&#8221; global_colors_info=&#8221;{}&#8221;][et_pb_column type=&#8221;1_2&#8243; _builder_version=&#8221;4.26.0&#8243; _module_preset=&#8221;default&#8221; global_colors_info=&#8221;{}&#8221;][et_pb_image src=&#8221;https:\/\/espanolcongloria.com\/wp-content\/uploads\/2021\/01\/glenn-carstens-peters-npxXWgQ33ZQ-unsplash-2-scaled.jpg&#8221; title_text=&#8221;glenn-carstens-peters-npxXWgQ33ZQ-unsplash (2)&#8221; _builder_version=&#8221;4.26.0&#8243; _module_preset=&#8221;default&#8221; global_colors_info=&#8221;{}&#8221;][\/et_pb_image][\/et_pb_column][et_pb_column type=&#8221;1_2&#8243; _builder_version=&#8221;4.26.0&#8243; _module_preset=&#8221;default&#8221; global_colors_info=&#8221;{}&#8221;][et_pb_text _builder_version=&#8221;4.26.0&#8243; _module_preset=&#8221;default&#8221; global_colors_info=&#8221;{}&#8221;]<\/p>\n<h1>Individual Lessons<\/h1>\n<p>In my individual Spanish online lessons we will work on spelling, grammar, reading, writing and conversation adapting the subject to you.<\/p>\n<p><span style=\"text-decoration: underline;\">Duration<\/span>: 1h\/lesson<\/p>\n<p><span style=\"text-decoration: underline;\">Price<\/span>: \u20ac25 per hour<\/p>\n<p>For those of you who are really interested in acquiring continuity in your learning, you can also purchase your own individual lesson packages:<\/p>\n<p><strong>\u00a0&#8211; Simple Package<\/strong><br \/>5 lessons \u2013 \u20ac125<\/p>\n<p><strong>&#8211; Advanced Package<\/strong><br \/>10 lessons \u2013 \u20ac220<\/p>\n<p><strong>&#8211; Premium Package<\/strong><br \/>15 lessons \u2013 \u20ac300<\/p>\n<p>[\/et_pb_text][\/et_pb_column][\/et_pb_row][\/et_pb_section][et_pb_section fb_built=&#8221;1&#8243; _builder_version=&#8221;4.26.0&#8243; _module_preset=&#8221;default&#8221; global_colors_info=&#8221;{}&#8221;][et_pb_row column_structure=&#8221;1_2,1_2&#8243; _builder_version=&#8221;4.26.0&#8243; _module_preset=&#8221;default&#8221; global_colors_info=&#8221;{}&#8221;][et_pb_column type=&#8221;1_2&#8243; _builder_version=&#8221;4.26.0&#8243; _module_preset=&#8221;default&#8221; global_colors_info=&#8221;{}&#8221;][et_pb_text _builder_version=&#8221;4.26.0&#8243; _module_preset=&#8221;default&#8221; global_colors_info=&#8221;{}&#8221;]<\/p>\n<h1>Group Lessons<\/h1>\n<p><span>Set up your own group (3 people or more) with friends or people from your environment interested in learning Spanish. Make your own group, choose a package of classes and you will get a 20% discount each.<\/span><\/p>\n<p><span style=\"text-decoration: underline;\">Group<\/span>: from 3 people or more.<\/p>\n<p><span style=\"text-decoration: underline;\">Duration<\/span>: 1h\/lesson.<\/p>\n<p>For those of you who are really interested in acquiring continuity in your learning, you can also purchase your own group lesson packages:<\/p>\n<p><strong>&#8211; Simple Package<\/strong><br \/>5 lessons \u2013 \u20ac100<\/p>\n<p><strong>&#8211; Advanced Package<\/strong><br \/>10 lessons \u2013 \u20ac200<\/p>\n<p>[\/et_pb_text][\/et_pb_column][et_pb_column type=&#8221;1_2&#8243; _builder_version=&#8221;4.26.0&#8243; _module_preset=&#8221;default&#8221; global_colors_info=&#8221;{}&#8221;][et_pb_image src=&#8221;https:\/\/espanolcongloria.com\/wp-content\/uploads\/2021\/01\/neonbrand-1-aA2Fadydc-unsplash-scaled.jpg&#8221; title_text=&#8221;neonbrand-1-aA2Fadydc-unsplash&#8221; _builder_version=&#8221;4.26.0&#8243; _module_preset=&#8221;default&#8221; global_colors_info=&#8221;{}&#8221;][\/et_pb_image][\/et_pb_column][\/et_pb_row][et_pb_row _builder_version=&#8221;4.26.0&#8243; _module_preset=&#8221;default&#8221; custom_padding=&#8221;22px|||||&#8221; global_colors_info=&#8221;{}&#8221;][et_pb_column type=&#8221;4_4&#8243; _builder_version=&#8221;4.26.0&#8243; _module_preset=&#8221;default&#8221; global_colors_info=&#8221;{}&#8221;][et_pb_text _builder_version=&#8221;4.26.0&#8243; _module_preset=&#8221;default&#8221; global_colors_info=&#8221;{}&#8221;]<\/p>\n<div class=\"message_d5deea cozyMessage_d5deea wrapper_f9f2ca cozy_f9f2ca zalgo_f9f2ca\" role=\"article\" data-list-item-id=\"chat-messages___chat-messages-1209260653785911316-1260023501868236950\" aria-setsize=\"-1\" aria-roledescription=\"Mensaje\" aria-labelledby=\"message-username-1260023332477210776 uid_1 message-content-1260023501868236950 uid_2 message-timestamp-1260023501868236950\" tabindex=\"-1\">\n<div class=\"contents_f9f2ca\">\n<div class=\"markup_f8f345 messageContent_f9f2ca\"><span><\/span><\/div>\n<h1 id=\"message-content-1260023501868236950\" class=\"markup_f8f345 messageContent_f9f2ca\"><span>Flat Rate<\/span><\/h1>\n<div class=\"markup_f8f345 messageContent_f9f2ca\"><span><\/span><\/div>\n<div class=\"markup_f8f345 messageContent_f9f2ca\">\n<p><span>You will have unlimited access to individual and group classes. Enjoy personalized sessions and participate in dynamic classes that will allow you to practice and improve your communication skills. Sign up today and start enjoying all the benefits of our academy!<br \/><\/span><span style=\"font-size: 14px;\">\u00a0<\/span><\/p>\n<\/div>\n<div class=\"markup_f8f345 messageContent_f9f2ca\"><span><span style=\"text-decoration: underline;\">Duration<\/span>: 6 months<\/span><\/div>\n<div class=\"markup_f8f345 messageContent_f9f2ca\"><span style=\"text-decoration: underline;\">Price<\/span>: \u20ac300 \/ month<\/div>\n<\/div>\n<\/div>\n<p>[\/et_pb_text][\/et_pb_column][\/et_pb_row][\/et_pb_section]<\/p>\n","protected":false},"excerpt":{"rendered":"<p>Individual Lessons In my individual Spanish online lessons we will work on spelling, grammar, reading, writing and conversation adapting the subject to you. Duration: 1h\/lesson Price: \u20ac25 per hour For those of you who are really interested in acquiring continuity in your learning, you can also purchase your own individual lesson packages: \u00a0&#8211; Simple Package5 [&hellip;]<\/p>\n","protected":false},"author":1,"featured_media":0,"parent":0,"menu_order":0,"comment_status":"closed","ping_status":"closed","template":"","meta":{"_et_pb_use_builder":"on","_et_pb_old_content":"","_et_gb_content_width":"","footnotes":""},"class_list":["post-4917","page","type-page","status-publish","hentry"],"yoast_head":"<!-- This site is optimized with the Yoast SEO plugin v27.4 - https:\/\/yoast.com\/product\/yoast-seo-wordpress\/ -->\n<title>Topics - Aprende Espa\u00f1ol<\/title>\n<meta name=\"robots\" content=\"noindex, nofollow\" \/>\n<meta property=\"og:locale\" content=\"es_ES\" \/>\n<meta property=\"og:type\" content=\"article\" \/>\n<meta property=\"og:title\" content=\"Topics - Aprende Espa\u00f1ol\" \/>\n<meta property=\"og:description\" content=\"Individual Lessons In my individual Spanish online lessons we will work on spelling, grammar, reading, writing and conversation adapting the subject to you. Duration: 1h\/lesson Price: \u20ac25 per hour For those of you who are really interested in acquiring continuity in your learning, you can also purchase your own individual lesson packages: \u00a0- Simple Package5 [&hellip;]\" \/>\n<meta property=\"og:url\" content=\"https:\/\/espanolcongloria.com\/es\/\" \/>\n<meta property=\"og:site_name\" content=\"Aprende Espa\u00f1ol\" \/>\n<meta property=\"article:publisher\" content=\"https:\/\/www.facebook.com\/aprendecongloria\" \/>\n<meta property=\"article:modified_time\" content=\"2024-11-22T07:34:06+00:00\" \/>\n<meta name=\"twitter:card\" content=\"summary_large_image\" \/>\n<meta name=\"twitter:label1\" content=\"Tiempo de lectura\" \/>\n\t<meta name=\"twitter:data1\" content=\"2 minutos\" \/>\n<script type=\"application\/ld+json\" class=\"yoast-schema-graph\">{\"@context\":\"https:\\\/\\\/schema.org\",\"@graph\":[{\"@type\":\"WebPage\",\"@id\":\"https:\\\/\\\/espanolcongloria.com\\\/topics\",\"url\":\"https:\\\/\\\/espanolcongloria.com\\\/\",\"name\":\"Topics - Aprende Espa\u00f1ol\",\"isPartOf\":{\"@id\":\"https:\\\/\\\/espanolcongloria.com\\\/#website\"},\"datePublished\":\"2024-07-08T22:25:35+00:00\",\"dateModified\":\"2024-11-22T07:34:06+00:00\",\"breadcrumb\":{\"@id\":\"https:\\\/\\\/espanolcongloria.com\\\/#breadcrumb\"},\"inLanguage\":\"es\",\"potentialAction\":[{\"@type\":\"ReadAction\",\"target\":[\"https:\\\/\\\/espanolcongloria.com\\\/\"]}]},{\"@type\":\"BreadcrumbList\",\"@id\":\"https:\\\/\\\/espanolcongloria.com\\\/#breadcrumb\",\"itemListElement\":[{\"@type\":\"ListItem\",\"position\":1,\"name\":\"Portada\",\"item\":\"https:\\\/\\\/espanolcongloria.com\\\/\"},{\"@type\":\"ListItem\",\"position\":2,\"name\":\"Topics\"}]},{\"@type\":\"WebSite\",\"@id\":\"https:\\\/\\\/espanolcongloria.com\\\/#website\",\"url\":\"https:\\\/\\\/espanolcongloria.com\\\/\",\"name\":\"Aprende Espa\u00f1ol con Gloria\",\"description\":\"Tu portal definitivo para dominar el idioma espa\u00f1ol. Ofrecemos lecciones interactivas, recursos gratuitos y una comunidad de apoyo para que aprendas de manera f\u00e1cil y divertida. \u00a1Empieza hoy tu viaje hacia la fluidez!\",\"publisher\":{\"@id\":\"https:\\\/\\\/espanolcongloria.com\\\/#\\\/schema\\\/person\\\/a6e8af8cc7a96b7b86da166693c9de20\"},\"potentialAction\":[{\"@type\":\"SearchAction\",\"target\":{\"@type\":\"EntryPoint\",\"urlTemplate\":\"https:\\\/\\\/espanolcongloria.com\\\/?s={search_term_string}\"},\"query-input\":{\"@type\":\"PropertyValueSpecification\",\"valueRequired\":true,\"valueName\":\"search_term_string\"}}],\"inLanguage\":\"es\"},{\"@type\":[\"Person\",\"Organization\"],\"@id\":\"https:\\\/\\\/espanolcongloria.com\\\/#\\\/schema\\\/person\\\/a6e8af8cc7a96b7b86da166693c9de20\",\"name\":\"AprenEspaMLK\",\"image\":{\"@type\":\"ImageObject\",\"inLanguage\":\"es\",\"@id\":\"https:\\\/\\\/secure.gravatar.com\\\/avatar\\\/605827bb7259e8182a054ae9b7baa43dfcc86f3bd76774c37b5329423004aa8c?s=96&d=mm&r=g\",\"url\":\"https:\\\/\\\/secure.gravatar.com\\\/avatar\\\/605827bb7259e8182a054ae9b7baa43dfcc86f3bd76774c37b5329423004aa8c?s=96&d=mm&r=g\",\"contentUrl\":\"https:\\\/\\\/secure.gravatar.com\\\/avatar\\\/605827bb7259e8182a054ae9b7baa43dfcc86f3bd76774c37b5329423004aa8c?s=96&d=mm&r=g\",\"caption\":\"AprenEspaMLK\"},\"logo\":{\"@id\":\"https:\\\/\\\/secure.gravatar.com\\\/avatar\\\/605827bb7259e8182a054ae9b7baa43dfcc86f3bd76774c37b5329423004aa8c?s=96&d=mm&r=g\"},\"sameAs\":[\"https:\\\/\\\/espanolcongloria.com\\\/\",\"https:\\\/\\\/www.facebook.com\\\/aprendecongloria\"]}]}<\/script>\n<!-- \/ Yoast SEO plugin. -->","yoast_head_json":{"title":"Topics - Aprende Espa\u00f1ol","robots":{"index":"noindex","follow":"nofollow"},"og_locale":"es_ES","og_type":"article","og_title":"Topics - Aprende Espa\u00f1ol","og_description":"Individual Lessons In my individual Spanish online lessons we will work on spelling, grammar, reading, writing and conversation adapting the subject to you. Duration: 1h\/lesson Price: \u20ac25 per hour For those of you who are really interested in acquiring continuity in your learning, you can also purchase your own individual lesson packages: \u00a0- Simple Package5 [&hellip;]","og_url":"https:\/\/espanolcongloria.com\/es\/","og_site_name":"Aprende Espa\u00f1ol","article_publisher":"https:\/\/www.facebook.com\/aprendecongloria","article_modified_time":"2024-11-22T07:34:06+00:00","twitter_card":"summary_large_image","twitter_misc":{"Tiempo de lectura":"2 minutos"},"schema":{"@context":"https:\/\/schema.org","@graph":[{"@type":"WebPage","@id":"https:\/\/espanolcongloria.com\/topics","url":"https:\/\/espanolcongloria.com\/","name":"Topics - Aprende Espa\u00f1ol","isPartOf":{"@id":"https:\/\/espanolcongloria.com\/#website"},"datePublished":"2024-07-08T22:25:35+00:00","dateModified":"2024-11-22T07:34:06+00:00","breadcrumb":{"@id":"https:\/\/espanolcongloria.com\/#breadcrumb"},"inLanguage":"es","potentialAction":[{"@type":"ReadAction","target":["https:\/\/espanolcongloria.com\/"]}]},{"@type":"BreadcrumbList","@id":"https:\/\/espanolcongloria.com\/#breadcrumb","itemListElement":[{"@type":"ListItem","position":1,"name":"Portada","item":"https:\/\/espanolcongloria.com\/"},{"@type":"ListItem","position":2,"name":"Topics"}]},{"@type":"WebSite","@id":"https:\/\/espanolcongloria.com\/#website","url":"https:\/\/espanolcongloria.com\/","name":"Aprende Espa\u00f1ol con Gloria","description":"Tu portal definitivo para dominar el idioma espa\u00f1ol. Ofrecemos lecciones interactivas, recursos gratuitos y una comunidad de apoyo para que aprendas de manera f\u00e1cil y divertida. \u00a1Empieza hoy tu viaje hacia la fluidez!","publisher":{"@id":"https:\/\/espanolcongloria.com\/#\/schema\/person\/a6e8af8cc7a96b7b86da166693c9de20"},"potentialAction":[{"@type":"SearchAction","target":{"@type":"EntryPoint","urlTemplate":"https:\/\/espanolcongloria.com\/?s={search_term_string}"},"query-input":{"@type":"PropertyValueSpecification","valueRequired":true,"valueName":"search_term_string"}}],"inLanguage":"es"},{"@type":["Person","Organization"],"@id":"https:\/\/espanolcongloria.com\/#\/schema\/person\/a6e8af8cc7a96b7b86da166693c9de20","name":"AprenEspaMLK","image":{"@type":"ImageObject","inLanguage":"es","@id":"https:\/\/secure.gravatar.com\/avatar\/605827bb7259e8182a054ae9b7baa43dfcc86f3bd76774c37b5329423004aa8c?s=96&d=mm&r=g","url":"https:\/\/secure.gravatar.com\/avatar\/605827bb7259e8182a054ae9b7baa43dfcc86f3bd76774c37b5329423004aa8c?s=96&d=mm&r=g","contentUrl":"https:\/\/secure.gravatar.com\/avatar\/605827bb7259e8182a054ae9b7baa43dfcc86f3bd76774c37b5329423004aa8c?s=96&d=mm&r=g","caption":"AprenEspaMLK"},"logo":{"@id":"https:\/\/secure.gravatar.com\/avatar\/605827bb7259e8182a054ae9b7baa43dfcc86f3bd76774c37b5329423004aa8c?s=96&d=mm&r=g"},"sameAs":["https:\/\/espanolcongloria.com\/","https:\/\/www.facebook.com\/aprendecongloria"]}]}},"_links":{"self":[{"href":"https:\/\/espanolcongloria.com\/es\/wp-json\/wp\/v2\/pages\/4917","targetHints":{"allow":["GET"]}}],"collection":[{"href":"https:\/\/espanolcongloria.com\/es\/wp-json\/wp\/v2\/pages"}],"about":[{"href":"https:\/\/espanolcongloria.com\/es\/wp-json\/wp\/v2\/types\/page"}],"author":[{"embeddable":true,"href":"https:\/\/espanolcongloria.com\/es\/wp-json\/wp\/v2\/users\/1"}],"replies":[{"embeddable":true,"href":"https:\/\/espanolcongloria.com\/es\/wp-json\/wp\/v2\/comments?post=4917"}],"version-history":[{"count":67,"href":"https:\/\/espanolcongloria.com\/es\/wp-json\/wp\/v2\/pages\/4917\/revisions"}],"predecessor-version":[{"id":5127,"href":"https:\/\/espanolcongloria.com\/es\/wp-json\/wp\/v2\/pages\/4917\/revisions\/5127"}],"wp:attachment":[{"href":"https:\/\/espanolcongloria.com\/es\/wp-json\/wp\/v2\/media?parent=4917"}],"curies":[{"name":"wp","href":"https:\/\/api.w.org\/{rel}","templated":true}]}}