{"id":4304,"date":"2021-06-29T18:11:19","date_gmt":"2021-06-29T18:11:19","guid":{"rendered":"https:\/\/espanolcongloria.com\/carrito"},"modified":"2021-06-29T18:11:19","modified_gmt":"2021-06-29T18:11:19","slug":"carrito","status":"publish","type":"page","link":"https:\/\/espanolcongloria.com\/es\/carrito","title":{"rendered":"Carrito"},"content":{"rendered":"<p>[woocommerce_cart]<\/p>\n","protected":false},"excerpt":{"rendered":"","protected":false},"author":1,"featured_media":0,"parent":0,"menu_order":0,"comment_status":"closed","ping_status":"closed","template":"","meta":{"_et_pb_use_builder":"","_et_pb_old_content":"","_et_gb_content_width":"","footnotes":""},"class_list":["post-4304","page","type-page","status-publish","hentry"],"yoast_head":"<!-- This site is optimized with the Yoast SEO plugin v27.4 - https:\/\/yoast.com\/product\/yoast-seo-wordpress\/ -->\n<title>Carrito - Aprende Espa\u00f1ol<\/title>\n<meta name=\"robots\" content=\"index, follow, max-snippet:-1, max-image-preview:large, max-video-preview:-1\" \/>\n<link rel=\"canonical\" href=\"https:\/\/espanolcongloria.com\/es\/carrito\" \/>\n<meta property=\"og:locale\" content=\"es_ES\" \/>\n<meta property=\"og:type\" content=\"article\" \/>\n<meta property=\"og:title\" content=\"Carrito - Aprende Espa\u00f1ol\" \/>\n<meta property=\"og:url\" content=\"https:\/\/espanolcongloria.com\/es\/carrito\" \/>\n<meta property=\"og:site_name\" content=\"Aprende Espa\u00f1ol\" \/>\n<meta property=\"article:publisher\" content=\"https:\/\/www.facebook.com\/aprendecongloria\" \/>\n<meta name=\"twitter:card\" content=\"summary_large_image\" \/>\n<script type=\"application\/ld+json\" class=\"yoast-schema-graph\">{\"@context\":\"https:\\\/\\\/schema.org\",\"@graph\":[{\"@type\":\"WebPage\",\"@id\":\"https:\\\/\\\/espanolcongloria.com\\\/es\\\/carrito\",\"url\":\"https:\\\/\\\/espanolcongloria.com\\\/es\\\/carrito\",\"name\":\"Carrito - Aprende Espa\u00f1ol\",\"isPartOf\":{\"@id\":\"https:\\\/\\\/espanolcongloria.com\\\/#website\"},\"datePublished\":\"2021-06-29T18:11:19+00:00\",\"breadcrumb\":{\"@id\":\"https:\\\/\\\/espanolcongloria.com\\\/es\\\/carrito#breadcrumb\"},\"inLanguage\":\"es\",\"potentialAction\":[{\"@type\":\"ReadAction\",\"target\":[\"https:\\\/\\\/espanolcongloria.com\\\/es\\\/carrito\"]}]},{\"@type\":\"BreadcrumbList\",\"@id\":\"https:\\\/\\\/espanolcongloria.com\\\/es\\\/carrito#breadcrumb\",\"itemListElement\":[{\"@type\":\"ListItem\",\"position\":1,\"name\":\"Portada\",\"item\":\"https:\\\/\\\/espanolcongloria.com\\\/\"},{\"@type\":\"ListItem\",\"position\":2,\"name\":\"Carrito\"}]},{\"@type\":\"WebSite\",\"@id\":\"https:\\\/\\\/espanolcongloria.com\\\/#website\",\"url\":\"https:\\\/\\\/espanolcongloria.com\\\/\",\"name\":\"Aprende Espa\u00f1ol con Gloria\",\"description\":\"Tu portal definitivo para dominar el idioma espa\u00f1ol. Ofrecemos lecciones interactivas, recursos gratuitos y una comunidad de apoyo para que aprendas de manera f\u00e1cil y divertida. \u00a1Empieza hoy tu viaje hacia la fluidez!\",\"publisher\":{\"@id\":\"https:\\\/\\\/espanolcongloria.com\\\/#\\\/schema\\\/person\\\/a6e8af8cc7a96b7b86da166693c9de20\"},\"potentialAction\":[{\"@type\":\"SearchAction\",\"target\":{\"@type\":\"EntryPoint\",\"urlTemplate\":\"https:\\\/\\\/espanolcongloria.com\\\/?s={search_term_string}\"},\"query-input\":{\"@type\":\"PropertyValueSpecification\",\"valueRequired\":true,\"valueName\":\"search_term_string\"}}],\"inLanguage\":\"es\"},{\"@type\":[\"Person\",\"Organization\"],\"@id\":\"https:\\\/\\\/espanolcongloria.com\\\/#\\\/schema\\\/person\\\/a6e8af8cc7a96b7b86da166693c9de20\",\"name\":\"AprenEspaMLK\",\"image\":{\"@type\":\"ImageObject\",\"inLanguage\":\"es\",\"@id\":\"https:\\\/\\\/secure.gravatar.com\\\/avatar\\\/605827bb7259e8182a054ae9b7baa43dfcc86f3bd76774c37b5329423004aa8c?s=96&d=mm&r=g\",\"url\":\"https:\\\/\\\/secure.gravatar.com\\\/avatar\\\/605827bb7259e8182a054ae9b7baa43dfcc86f3bd76774c37b5329423004aa8c?s=96&d=mm&r=g\",\"contentUrl\":\"https:\\\/\\\/secure.gravatar.com\\\/avatar\\\/605827bb7259e8182a054ae9b7baa43dfcc86f3bd76774c37b5329423004aa8c?s=96&d=mm&r=g\",\"caption\":\"AprenEspaMLK\"},\"logo\":{\"@id\":\"https:\\\/\\\/secure.gravatar.com\\\/avatar\\\/605827bb7259e8182a054ae9b7baa43dfcc86f3bd76774c37b5329423004aa8c?s=96&d=mm&r=g\"},\"sameAs\":[\"https:\\\/\\\/espanolcongloria.com\\\/\",\"https:\\\/\\\/www.facebook.com\\\/aprendecongloria\"]}]}<\/script>\n<!-- \/ Yoast SEO plugin. -->","yoast_head_json":{"title":"Carrito - Aprende Espa\u00f1ol","robots":{"index":"index","follow":"follow","max-snippet":"max-snippet:-1","max-image-preview":"max-image-preview:large","max-video-preview":"max-video-preview:-1"},"canonical":"https:\/\/espanolcongloria.com\/es\/carrito","og_locale":"es_ES","og_type":"article","og_title":"Carrito - Aprende Espa\u00f1ol","og_url":"https:\/\/espanolcongloria.com\/es\/carrito","og_site_name":"Aprende Espa\u00f1ol","article_publisher":"https:\/\/www.facebook.com\/aprendecongloria","twitter_card":"summary_large_image","schema":{"@context":"https:\/\/schema.org","@graph":[{"@type":"WebPage","@id":"https:\/\/espanolcongloria.com\/es\/carrito","url":"https:\/\/espanolcongloria.com\/es\/carrito","name":"Carrito - Aprende Espa\u00f1ol","isPartOf":{"@id":"https:\/\/espanolcongloria.com\/#website"},"datePublished":"2021-06-29T18:11:19+00:00","breadcrumb":{"@id":"https:\/\/espanolcongloria.com\/es\/carrito#breadcrumb"},"inLanguage":"es","potentialAction":[{"@type":"ReadAction","target":["https:\/\/espanolcongloria.com\/es\/carrito"]}]},{"@type":"BreadcrumbList","@id":"https:\/\/espanolcongloria.com\/es\/carrito#breadcrumb","itemListElement":[{"@type":"ListItem","position":1,"name":"Portada","item":"https:\/\/espanolcongloria.com\/"},{"@type":"ListItem","position":2,"name":"Carrito"}]},{"@type":"WebSite","@id":"https:\/\/espanolcongloria.com\/#website","url":"https:\/\/espanolcongloria.com\/","name":"Aprende Espa\u00f1ol con Gloria","description":"Tu portal definitivo para dominar el idioma espa\u00f1ol. Ofrecemos lecciones interactivas, recursos gratuitos y una comunidad de apoyo para que aprendas de manera f\u00e1cil y divertida. \u00a1Empieza hoy tu viaje hacia la fluidez!","publisher":{"@id":"https:\/\/espanolcongloria.com\/#\/schema\/person\/a6e8af8cc7a96b7b86da166693c9de20"},"potentialAction":[{"@type":"SearchAction","target":{"@type":"EntryPoint","urlTemplate":"https:\/\/espanolcongloria.com\/?s={search_term_string}"},"query-input":{"@type":"PropertyValueSpecification","valueRequired":true,"valueName":"search_term_string"}}],"inLanguage":"es"},{"@type":["Person","Organization"],"@id":"https:\/\/espanolcongloria.com\/#\/schema\/person\/a6e8af8cc7a96b7b86da166693c9de20","name":"AprenEspaMLK","image":{"@type":"ImageObject","inLanguage":"es","@id":"https:\/\/secure.gravatar.com\/avatar\/605827bb7259e8182a054ae9b7baa43dfcc86f3bd76774c37b5329423004aa8c?s=96&d=mm&r=g","url":"https:\/\/secure.gravatar.com\/avatar\/605827bb7259e8182a054ae9b7baa43dfcc86f3bd76774c37b5329423004aa8c?s=96&d=mm&r=g","contentUrl":"https:\/\/secure.gravatar.com\/avatar\/605827bb7259e8182a054ae9b7baa43dfcc86f3bd76774c37b5329423004aa8c?s=96&d=mm&r=g","caption":"AprenEspaMLK"},"logo":{"@id":"https:\/\/secure.gravatar.com\/avatar\/605827bb7259e8182a054ae9b7baa43dfcc86f3bd76774c37b5329423004aa8c?s=96&d=mm&r=g"},"sameAs":["https:\/\/espanolcongloria.com\/","https:\/\/www.facebook.com\/aprendecongloria"]}]}},"_links":{"self":[{"href":"https:\/\/espanolcongloria.com\/es\/wp-json\/wp\/v2\/pages\/4304","targetHints":{"allow":["GET"]}}],"collection":[{"href":"https:\/\/espanolcongloria.com\/es\/wp-json\/wp\/v2\/pages"}],"about":[{"href":"https:\/\/espanolcongloria.com\/es\/wp-json\/wp\/v2\/types\/page"}],"author":[{"embeddable":true,"href":"https:\/\/espanolcongloria.com\/es\/wp-json\/wp\/v2\/users\/1"}],"replies":[{"embeddable":true,"href":"https:\/\/espanolcongloria.com\/es\/wp-json\/wp\/v2\/comments?post=4304"}],"version-history":[{"count":0,"href":"https:\/\/espanolcongloria.com\/es\/wp-json\/wp\/v2\/pages\/4304\/revisions"}],"wp:attachment":[{"href":"https:\/\/espanolcongloria.com\/es\/wp-json\/wp\/v2\/media?parent=4304"}],"curies":[{"name":"wp","href":"https:\/\/api.w.org\/{rel}","templated":true}]}}