{"id":4036,"date":"2021-01-08T11:58:58","date_gmt":"2021-01-08T11:58:58","guid":{"rendered":"https:\/\/gloria.malakawebs.com\/?page_id=4036"},"modified":"2021-03-22T11:09:21","modified_gmt":"2021-03-22T11:09:21","slug":"learning-spanish-online","status":"publish","type":"page","link":"https:\/\/espanolcongloria.com\/es\/learning-spanish-online","title":{"rendered":"Inicio"},"content":{"rendered":"","protected":false},"excerpt":{"rendered":"","protected":false},"author":1,"featured_media":0,"parent":0,"menu_order":0,"comment_status":"closed","ping_status":"closed","template":"","meta":{"_et_pb_use_builder":"","_et_pb_old_content":"","_et_gb_content_width":"","footnotes":""},"class_list":["post-4036","page","type-page","status-publish","hentry"],"yoast_head":"<!-- This site is optimized with the Yoast SEO plugin v27.4 - https:\/\/yoast.com\/product\/yoast-seo-wordpress\/ -->\n<title>\u25b7 Learning Spanish Online with Gloria - Your Spanish Home<\/title>\n<meta name=\"description\" content=\"Learning Spanish Online has never been that easy \u2705 Discover a new and complete way to know more about Spanish and the culture with Gloria.\" \/>\n<meta name=\"robots\" content=\"index, follow, max-snippet:-1, max-image-preview:large, max-video-preview:-1\" \/>\n<link rel=\"canonical\" href=\"https:\/\/espanolcongloria.com\/es\/learning-spanish-online\/\" \/>\n<meta property=\"og:locale\" content=\"es_ES\" \/>\n<meta property=\"og:type\" content=\"article\" \/>\n<meta property=\"og:title\" content=\"\u25b7 Learning Spanish Online with Gloria - Your Spanish Home\" \/>\n<meta property=\"og:description\" content=\"Learning Spanish Online has never been that easy \u2705 Discover a new and complete way to know more about Spanish and the culture with Gloria.\" \/>\n<meta property=\"og:url\" content=\"https:\/\/espanolcongloria.com\/es\/learning-spanish-online\/\" \/>\n<meta property=\"og:site_name\" content=\"Aprende Espa\u00f1ol\" \/>\n<meta property=\"article:publisher\" content=\"https:\/\/www.facebook.com\/aprendecongloria\" \/>\n<meta property=\"article:modified_time\" content=\"2021-03-22T11:09:21+00:00\" \/>\n<meta name=\"twitter:card\" content=\"summary_large_image\" \/>\n<script type=\"application\/ld+json\" class=\"yoast-schema-graph\">{\"@context\":\"https:\\\/\\\/schema.org\",\"@graph\":[{\"@type\":\"WebPage\",\"@id\":\"https:\\\/\\\/espanolcongloria.com\\\/learning-spanish-online\",\"url\":\"https:\\\/\\\/espanolcongloria.com\\\/learning-spanish-online\",\"name\":\"\u25b7 Learning Spanish Online with Gloria - Your Spanish Home\",\"isPartOf\":{\"@id\":\"https:\\\/\\\/espanolcongloria.com\\\/#website\"},\"datePublished\":\"2021-01-08T11:58:58+00:00\",\"dateModified\":\"2021-03-22T11:09:21+00:00\",\"description\":\"Learning Spanish Online has never been that easy \u2705 Discover a new and complete way to know more about Spanish and the culture with Gloria.\",\"breadcrumb\":{\"@id\":\"https:\\\/\\\/espanolcongloria.com\\\/learning-spanish-online#breadcrumb\"},\"inLanguage\":\"es\",\"potentialAction\":[{\"@type\":\"ReadAction\",\"target\":[\"https:\\\/\\\/espanolcongloria.com\\\/learning-spanish-online\"]}]},{\"@type\":\"BreadcrumbList\",\"@id\":\"https:\\\/\\\/espanolcongloria.com\\\/learning-spanish-online#breadcrumb\",\"itemListElement\":[{\"@type\":\"ListItem\",\"position\":1,\"name\":\"Portada\",\"item\":\"https:\\\/\\\/espanolcongloria.com\\\/\"},{\"@type\":\"ListItem\",\"position\":2,\"name\":\"Home\"}]},{\"@type\":\"WebSite\",\"@id\":\"https:\\\/\\\/espanolcongloria.com\\\/#website\",\"url\":\"https:\\\/\\\/espanolcongloria.com\\\/\",\"name\":\"Aprende Espa\u00f1ol con Gloria\",\"description\":\"Tu portal definitivo para dominar el idioma espa\u00f1ol. Ofrecemos lecciones interactivas, recursos gratuitos y una comunidad de apoyo para que aprendas de manera f\u00e1cil y divertida. \u00a1Empieza hoy tu viaje hacia la fluidez!\",\"publisher\":{\"@id\":\"https:\\\/\\\/espanolcongloria.com\\\/#\\\/schema\\\/person\\\/a6e8af8cc7a96b7b86da166693c9de20\"},\"potentialAction\":[{\"@type\":\"SearchAction\",\"target\":{\"@type\":\"EntryPoint\",\"urlTemplate\":\"https:\\\/\\\/espanolcongloria.com\\\/?s={search_term_string}\"},\"query-input\":{\"@type\":\"PropertyValueSpecification\",\"valueRequired\":true,\"valueName\":\"search_term_string\"}}],\"inLanguage\":\"es\"},{\"@type\":[\"Person\",\"Organization\"],\"@id\":\"https:\\\/\\\/espanolcongloria.com\\\/#\\\/schema\\\/person\\\/a6e8af8cc7a96b7b86da166693c9de20\",\"name\":\"AprenEspaMLK\",\"image\":{\"@type\":\"ImageObject\",\"inLanguage\":\"es\",\"@id\":\"https:\\\/\\\/secure.gravatar.com\\\/avatar\\\/605827bb7259e8182a054ae9b7baa43dfcc86f3bd76774c37b5329423004aa8c?s=96&d=mm&r=g\",\"url\":\"https:\\\/\\\/secure.gravatar.com\\\/avatar\\\/605827bb7259e8182a054ae9b7baa43dfcc86f3bd76774c37b5329423004aa8c?s=96&d=mm&r=g\",\"contentUrl\":\"https:\\\/\\\/secure.gravatar.com\\\/avatar\\\/605827bb7259e8182a054ae9b7baa43dfcc86f3bd76774c37b5329423004aa8c?s=96&d=mm&r=g\",\"caption\":\"AprenEspaMLK\"},\"logo\":{\"@id\":\"https:\\\/\\\/secure.gravatar.com\\\/avatar\\\/605827bb7259e8182a054ae9b7baa43dfcc86f3bd76774c37b5329423004aa8c?s=96&d=mm&r=g\"},\"sameAs\":[\"https:\\\/\\\/espanolcongloria.com\\\/\",\"https:\\\/\\\/www.facebook.com\\\/aprendecongloria\"]}]}<\/script>\n<!-- \/ Yoast SEO plugin. -->","yoast_head_json":{"title":"\u25b7 Learning Spanish Online with Gloria - Your Spanish Home","description":"Learning Spanish Online has never been that easy \u2705 Discover a new and complete way to know more about Spanish and the culture with Gloria.","robots":{"index":"index","follow":"follow","max-snippet":"max-snippet:-1","max-image-preview":"max-image-preview:large","max-video-preview":"max-video-preview:-1"},"canonical":"https:\/\/espanolcongloria.com\/es\/learning-spanish-online\/","og_locale":"es_ES","og_type":"article","og_title":"\u25b7 Learning Spanish Online with Gloria - Your Spanish Home","og_description":"Learning Spanish Online has never been that easy \u2705 Discover a new and complete way to know more about Spanish and the culture with Gloria.","og_url":"https:\/\/espanolcongloria.com\/es\/learning-spanish-online\/","og_site_name":"Aprende Espa\u00f1ol","article_publisher":"https:\/\/www.facebook.com\/aprendecongloria","article_modified_time":"2021-03-22T11:09:21+00:00","twitter_card":"summary_large_image","schema":{"@context":"https:\/\/schema.org","@graph":[{"@type":"WebPage","@id":"https:\/\/espanolcongloria.com\/learning-spanish-online","url":"https:\/\/espanolcongloria.com\/learning-spanish-online","name":"\u25b7 Learning Spanish Online with Gloria - Your Spanish Home","isPartOf":{"@id":"https:\/\/espanolcongloria.com\/#website"},"datePublished":"2021-01-08T11:58:58+00:00","dateModified":"2021-03-22T11:09:21+00:00","description":"Learning Spanish Online has never been that easy \u2705 Discover a new and complete way to know more about Spanish and the culture with Gloria.","breadcrumb":{"@id":"https:\/\/espanolcongloria.com\/learning-spanish-online#breadcrumb"},"inLanguage":"es","potentialAction":[{"@type":"ReadAction","target":["https:\/\/espanolcongloria.com\/learning-spanish-online"]}]},{"@type":"BreadcrumbList","@id":"https:\/\/espanolcongloria.com\/learning-spanish-online#breadcrumb","itemListElement":[{"@type":"ListItem","position":1,"name":"Portada","item":"https:\/\/espanolcongloria.com\/"},{"@type":"ListItem","position":2,"name":"Home"}]},{"@type":"WebSite","@id":"https:\/\/espanolcongloria.com\/#website","url":"https:\/\/espanolcongloria.com\/","name":"Aprende Espa\u00f1ol con Gloria","description":"Tu portal definitivo para dominar el idioma espa\u00f1ol. Ofrecemos lecciones interactivas, recursos gratuitos y una comunidad de apoyo para que aprendas de manera f\u00e1cil y divertida. \u00a1Empieza hoy tu viaje hacia la fluidez!","publisher":{"@id":"https:\/\/espanolcongloria.com\/#\/schema\/person\/a6e8af8cc7a96b7b86da166693c9de20"},"potentialAction":[{"@type":"SearchAction","target":{"@type":"EntryPoint","urlTemplate":"https:\/\/espanolcongloria.com\/?s={search_term_string}"},"query-input":{"@type":"PropertyValueSpecification","valueRequired":true,"valueName":"search_term_string"}}],"inLanguage":"es"},{"@type":["Person","Organization"],"@id":"https:\/\/espanolcongloria.com\/#\/schema\/person\/a6e8af8cc7a96b7b86da166693c9de20","name":"AprenEspaMLK","image":{"@type":"ImageObject","inLanguage":"es","@id":"https:\/\/secure.gravatar.com\/avatar\/605827bb7259e8182a054ae9b7baa43dfcc86f3bd76774c37b5329423004aa8c?s=96&d=mm&r=g","url":"https:\/\/secure.gravatar.com\/avatar\/605827bb7259e8182a054ae9b7baa43dfcc86f3bd76774c37b5329423004aa8c?s=96&d=mm&r=g","contentUrl":"https:\/\/secure.gravatar.com\/avatar\/605827bb7259e8182a054ae9b7baa43dfcc86f3bd76774c37b5329423004aa8c?s=96&d=mm&r=g","caption":"AprenEspaMLK"},"logo":{"@id":"https:\/\/secure.gravatar.com\/avatar\/605827bb7259e8182a054ae9b7baa43dfcc86f3bd76774c37b5329423004aa8c?s=96&d=mm&r=g"},"sameAs":["https:\/\/espanolcongloria.com\/","https:\/\/www.facebook.com\/aprendecongloria"]}]}},"_links":{"self":[{"href":"https:\/\/espanolcongloria.com\/es\/wp-json\/wp\/v2\/pages\/4036","targetHints":{"allow":["GET"]}}],"collection":[{"href":"https:\/\/espanolcongloria.com\/es\/wp-json\/wp\/v2\/pages"}],"about":[{"href":"https:\/\/espanolcongloria.com\/es\/wp-json\/wp\/v2\/types\/page"}],"author":[{"embeddable":true,"href":"https:\/\/espanolcongloria.com\/es\/wp-json\/wp\/v2\/users\/1"}],"replies":[{"embeddable":true,"href":"https:\/\/espanolcongloria.com\/es\/wp-json\/wp\/v2\/comments?post=4036"}],"version-history":[{"count":109,"href":"https:\/\/espanolcongloria.com\/es\/wp-json\/wp\/v2\/pages\/4036\/revisions"}],"predecessor-version":[{"id":4298,"href":"https:\/\/espanolcongloria.com\/es\/wp-json\/wp\/v2\/pages\/4036\/revisions\/4298"}],"wp:attachment":[{"href":"https:\/\/espanolcongloria.com\/es\/wp-json\/wp\/v2\/media?parent=4036"}],"curies":[{"name":"wp","href":"https:\/\/api.w.org\/{rel}","templated":true}]}}